{"id":3480,"date":"2025-10-02T10:52:24","date_gmt":"2025-10-02T08:52:24","guid":{"rendered":"https:\/\/www.aira.es\/conformidade\/"},"modified":"2025-11-05T13:03:46","modified_gmt":"2025-11-05T12:03:46","slug":"cumprimento-penal","status":"publish","type":"page","link":"https:\/\/www.aira.es\/gl\/cumprimento-penal\/","title":{"rendered":"Cumprimento"},"content":{"rendered":"\t\t<div data-elementor-type=\"wp-page\" data-elementor-id=\"3480\" class=\"elementor elementor-3480 elementor-1939\" data-elementor-post-type=\"page\">\n\t\t\t\t<div class=\"elementor-element elementor-element-4ade991 e-flex e-con-boxed e-con e-parent\" data-id=\"4ade991\" data-element_type=\"container\" data-e-type=\"container\" data-settings=\"{&quot;background_background&quot;:&quot;classic&quot;}\">\n\t\t\t\t\t<div class=\"e-con-inner\">\n\t\t<div class=\"elementor-element elementor-element-82b15fa e-con-full e-flex e-con e-child\" data-id=\"82b15fa\" data-element_type=\"container\" data-e-type=\"container\">\n\t\t\t\t<div class=\"elementor-element elementor-element-53c265c elementor-widget elementor-widget-heading\" data-id=\"53c265c\" data-element_type=\"widget\" data-e-type=\"widget\" data-widget_type=\"heading.default\">\n\t\t\t\t<div class=\"elementor-widget-container\">\n\t\t\t\t\t<p class=\"elementor-heading-title elementor-size-default\">Cumprimento<\/p>\t\t\t\t<\/div>\n\t\t\t\t<\/div>\n\t\t\t\t<\/div>\n\t\t\t\t\t<\/div>\n\t\t\t\t<\/div>\n\t\t<div class=\"elementor-element elementor-element-7ca3f70 e-flex e-con-boxed elementor-invisible e-con e-parent\" data-id=\"7ca3f70\" data-element_type=\"container\" data-e-type=\"container\" data-settings=\"{&quot;animation&quot;:&quot;fadeInUp&quot;}\">\n\t\t\t\t\t<div class=\"e-con-inner\">\n\t\t\t\t<div class=\"elementor-element elementor-element-4c341fb elementor-widget__width-initial elementor-widget-mobile__width-inherit elementor-widget elementor-widget-text-editor\" data-id=\"4c341fb\" data-element_type=\"widget\" data-e-type=\"widget\" data-widget_type=\"text-editor.default\">\n\t\t\t\t<div class=\"elementor-widget-container\">\n\t\t\t\t\t\t\t\t\t<p>En AIRA S. COOP. En GALEGA, estamos firmemente comprometidos co cumprimento normativo e a \u00e9tica empresarial, implementando unha <strong>Pol\u00edtica de Cumprimento Penal<\/strong> baseada na tolerancia cero con calquera infracci\u00f3n legal. O noso Sistema de Xesti\u00f3n do Cumprimento perm\u00edtenos identificar, previr e xestionar os riscos legais en todas as actividades da Cooperativa, garantindo o cumprimento da lexislaci\u00f3n vixente. Establecemos obxectivos de cumprimento anuais e traballamos para a mellora continua, garantindo a trazabilidade dos procesos e promovendo a integridade, a transparencia e as mellores pr\u00e1cticas na nosa xesti\u00f3n diaria.<\/p><h3> <\/h3><h3>C\u00f3digo de \u00e9tico de AIRA<\/h3><p><strong>O C\u00f3digo \u00c9tico de AIRA S. COOP. GALEGA<\/strong> \u00e9 unha parte fundamental do noso Sistema de Xesti\u00f3n do Cumprimento e reflicte o noso firme compromiso coa integridade, a legalidade e a responsabilidade social en todos os \u00e1mbitos da Cooperativa. Este documento establece os principios de conduta e actuaci\u00f3n que son obrigatorios para todos os empregados de AIRA, garantindo unha cultura corporativa baseada na \u00e9tica e no cumprimento da normativa vixente. Ademais de cumprir os requisitos establecidos no artigo 31 bis do C\u00f3digo Penal, o C\u00f3digo busca ali\u00f1ar as nosas actividades cos m\u00e1is altos est\u00e1ndares de \u00e9tica empresarial e responsabilidade social corporativa, reforzando a transparencia, a confianza e un impacto positivo no noso medio ambiente.<\/p><p> <\/p><h3>Cl\u00e1usulas para provedores<\/h3><p>En AIRA S. COOP. En AIRA S. COOP GALEGA, esiximos aos nosos provedores e socios comerciais que cumpran estritamente a lexislaci\u00f3n penal e a nosa Pol\u00edtica de Conformidade Penal. Comprom\u00e9tense a actuar con integridade, a non cometer delitos que poidan xerar responsabilidade penal e a respectar en todo momento o noso C\u00f3digo \u00c9tico e as cl\u00e1usulas anticorrupci\u00f3n establecidas.<\/p><p><strong>CL\u00c1USULAS DE CONFORMIDADE PENAL E ANTICORRUPCI\u00d3N PARA SOCIOS COMERCIAIS<\/strong><\/p><h3> <\/h3><h3>Canle do informante<\/h3><p>No marco desta pol\u00edtica de Conformidade, en AIRA S. COOP. GALEGA estableceu un sistema interno de denuncia de irregularidades neste \u00e1mbito a trav\u00e9s da <a href=\"https:\/\/denuncias.aira.es\/#\/\" target=\"_blank\" rel=\"noopener\"><strong>Canle do Informante<\/strong><\/a> . Este sistema garante a confidencialidade da identidade da persoa denunciante e de calquera terceiro mencionado.  <a href=\"https:\/\/www.aira.es\/wp-content\/uploads\/2025\/10\/Canal-del-informate-AIRA.pdf\" target=\"_blank\" rel=\"noopener\">M\u00e1is informaci\u00f3n sobre o funcionamento da Canle Informante aqu\u00ed.<\/a><\/p>\t\t\t\t\t\t\t\t<\/div>\n\t\t\t\t<\/div>\n\t\t\t\t\t<\/div>\n\t\t\t\t<\/div>\n\t\t<div class=\"elementor-element elementor-element-bdd7fdd e-flex e-con-boxed e-con e-parent\" data-id=\"bdd7fdd\" data-element_type=\"container\" data-e-type=\"container\">\n\t\t\t\t\t<div class=\"e-con-inner\">\n\t\t\t\t<div class=\"elementor-element elementor-element-9569b7f elementor-align-left elementor-widget elementor-widget-button\" data-id=\"9569b7f\" data-element_type=\"widget\" data-e-type=\"widget\" data-widget_type=\"button.default\">\n\t\t\t\t<div class=\"elementor-widget-container\">\n\t\t\t\t\t\t\t\t\t<div class=\"elementor-button-wrapper\">\n\t\t\t\t\t<a class=\"elementor-button elementor-button-link elementor-size-sm\" href=\"https:\/\/www.aira.es\/wp-content\/uploads\/2025\/10\/politica_compliance_090925.pdf\" target=\"_blank\">\n\t\t\t\t\t\t<span class=\"elementor-button-content-wrapper\">\n\t\t\t\t\t\t\t\t\t<span class=\"elementor-button-text\">Pol\u00edtica de cumprimento penal<\/span>\n\t\t\t\t\t<\/span>\n\t\t\t\t\t<\/a>\n\t\t\t\t<\/div>\n\t\t\t\t\t\t\t\t<\/div>\n\t\t\t\t<\/div>\n\t\t\t\t<div class=\"elementor-element elementor-element-a665525 elementor-align-left elementor-widget elementor-widget-button\" data-id=\"a665525\" data-element_type=\"widget\" data-e-type=\"widget\" data-widget_type=\"button.default\">\n\t\t\t\t<div class=\"elementor-widget-container\">\n\t\t\t\t\t\t\t\t\t<div class=\"elementor-button-wrapper\">\n\t\t\t\t\t<a class=\"elementor-button elementor-button-link elementor-size-sm\" href=\"https:\/\/www.aira.es\/wp-content\/uploads\/2025\/10\/codigo_etico.pdf\" target=\"_blank\">\n\t\t\t\t\t\t<span class=\"elementor-button-content-wrapper\">\n\t\t\t\t\t\t\t\t\t<span class=\"elementor-button-text\">C\u00f3digo de \u00e9tica de AIRA S. COOP. GALEGA<\/span>\n\t\t\t\t\t<\/span>\n\t\t\t\t\t<\/a>\n\t\t\t\t<\/div>\n\t\t\t\t\t\t\t\t<\/div>\n\t\t\t\t<\/div>\n\t\t\t\t<div class=\"elementor-element elementor-element-ec799e3 elementor-align-left elementor-widget elementor-widget-button\" data-id=\"ec799e3\" data-element_type=\"widget\" data-e-type=\"widget\" data-widget_type=\"button.default\">\n\t\t\t\t<div class=\"elementor-widget-container\">\n\t\t\t\t\t\t\t\t\t<div class=\"elementor-button-wrapper\">\n\t\t\t\t\t<a class=\"elementor-button elementor-button-link elementor-size-sm\" href=\"https:\/\/www.aira.es\/wp-content\/uploads\/2025\/10\/clausula-proveedores180925.pdf\" target=\"_blank\">\n\t\t\t\t\t\t<span class=\"elementor-button-content-wrapper\">\n\t\t\t\t\t\t\t\t\t<span class=\"elementor-button-text\">Cl\u00e1usula de cumprimento penal e anticorrupci\u00f3n<\/span>\n\t\t\t\t\t<\/span>\n\t\t\t\t\t<\/a>\n\t\t\t\t<\/div>\n\t\t\t\t\t\t\t\t<\/div>\n\t\t\t\t<\/div>\n\t\t\t\t\t<\/div>\n\t\t\t\t<\/div>\n\t\t\t\t<\/div>\n\t\t","protected":false},"excerpt":{"rendered":"<p>Cumprimento En AIRA S. COOP. En GALEGA, estamos firmemente comprometidos co cumprimento normativo e a \u00e9tica empresarial, implementando unha Pol\u00edtica [&hellip;]<\/p>\n","protected":false},"author":2,"featured_media":0,"parent":0,"menu_order":0,"comment_status":"closed","ping_status":"closed","template":"","meta":{"site-sidebar-layout":"no-sidebar","site-content-layout":"","ast-site-content-layout":"full-width-container","site-content-style":"default","site-sidebar-style":"default","ast-global-header-display":"","ast-banner-title-visibility":"","ast-main-header-display":"","ast-hfb-above-header-display":"","ast-hfb-below-header-display":"","ast-hfb-mobile-header-display":"","site-post-title":"disabled","ast-breadcrumbs-content":"","ast-featured-img":"disabled","footer-sml-layout":"","theme-transparent-header-meta":"default","adv-header-id-meta":"","stick-header-meta":"","header-above-stick-meta":"","header-main-stick-meta":"","header-below-stick-meta":"","astra-migrate-meta-layouts":"set","ast-page-background-enabled":"default","ast-page-background-meta":{"desktop":{"background-color":"var(--ast-global-color-5)","background-image":"","background-repeat":"repeat","background-position":"center center","background-size":"auto","background-attachment":"scroll","background-type":"","background-media":"","overlay-type":"","overlay-color":"","overlay-opacity":"","overlay-gradient":""},"tablet":{"background-color":"","background-image":"","background-repeat":"repeat","background-position":"center center","background-size":"auto","background-attachment":"scroll","background-type":"","background-media":"","overlay-type":"","overlay-color":"","overlay-opacity":"","overlay-gradient":""},"mobile":{"background-color":"","background-image":"","background-repeat":"repeat","background-position":"center center","background-size":"auto","background-attachment":"scroll","background-type":"","background-media":"","overlay-type":"","overlay-color":"","overlay-opacity":"","overlay-gradient":""}},"ast-content-background-meta":{"desktop":{"background-color":"var(--ast-global-color-4)","background-image":"","background-repeat":"repeat","background-position":"center center","background-size":"auto","background-attachment":"scroll","background-type":"","background-media":"","overlay-type":"","overlay-color":"","overlay-opacity":"","overlay-gradient":""},"tablet":{"background-color":"var(--ast-global-color-4)","background-image":"","background-repeat":"repeat","background-position":"center center","background-size":"auto","background-attachment":"scroll","background-type":"","background-media":"","overlay-type":"","overlay-color":"","overlay-opacity":"","overlay-gradient":""},"mobile":{"background-color":"var(--ast-global-color-4)","background-image":"","background-repeat":"repeat","background-position":"center center","background-size":"auto","background-attachment":"scroll","background-type":"","background-media":"","overlay-type":"","overlay-color":"","overlay-opacity":"","overlay-gradient":""}},"footnotes":""},"class_list":["post-3480","page","type-page","status-publish","hentry"],"yoast_head":"<!-- This site is optimized with the Yoast SEO plugin v27.1.1 - https:\/\/yoast.com\/product\/yoast-seo-wordpress\/ -->\n<title>Cumprimento - Aira<\/title>\n<meta name=\"robots\" content=\"index, follow, max-snippet:-1, max-image-preview:large, max-video-preview:-1\" \/>\n<link rel=\"canonical\" href=\"https:\/\/www.aira.es\/gl\/cumprimento-penal\/\" \/>\n<meta property=\"og:locale\" content=\"gl_ES\" \/>\n<meta property=\"og:type\" content=\"article\" \/>\n<meta property=\"og:title\" content=\"Cumprimento - Aira\" \/>\n<meta property=\"og:description\" content=\"Cumprimento En AIRA S. COOP. En GALEGA, estamos firmemente comprometidos co cumprimento normativo e a \u00e9tica empresarial, implementando unha Pol\u00edtica [&hellip;]\" \/>\n<meta property=\"og:url\" content=\"https:\/\/www.aira.es\/gl\/cumprimento-penal\/\" \/>\n<meta property=\"og:site_name\" content=\"Aira\" \/>\n<meta property=\"article:modified_time\" content=\"2025-11-05T12:03:46+00:00\" \/>\n<meta name=\"twitter:card\" content=\"summary_large_image\" \/>\n<meta name=\"twitter:label1\" content=\"Tempo de lectura\" \/>\n\t<meta name=\"twitter:data1\" content=\"2 minutos\" \/>\n<script type=\"application\/ld+json\" class=\"yoast-schema-graph\">{\"@context\":\"https:\/\/schema.org\",\"@graph\":[{\"@type\":\"WebPage\",\"@id\":\"https:\/\/www.aira.es\/gl\/cumprimento-penal\/\",\"url\":\"https:\/\/www.aira.es\/gl\/cumprimento-penal\/\",\"name\":\"Cumprimento - Aira\",\"isPartOf\":{\"@id\":\"https:\/\/www.aira.es\/gl\/#website\"},\"datePublished\":\"2025-10-02T08:52:24+00:00\",\"dateModified\":\"2025-11-05T12:03:46+00:00\",\"breadcrumb\":{\"@id\":\"https:\/\/www.aira.es\/gl\/cumprimento-penal\/#breadcrumb\"},\"inLanguage\":\"gl-ES\",\"potentialAction\":[{\"@type\":\"ReadAction\",\"target\":[\"https:\/\/www.aira.es\/gl\/cumprimento-penal\/\"]}]},{\"@type\":\"BreadcrumbList\",\"@id\":\"https:\/\/www.aira.es\/gl\/cumprimento-penal\/#breadcrumb\",\"itemListElement\":[{\"@type\":\"ListItem\",\"position\":1,\"name\":\"Portada\",\"item\":\"https:\/\/www.aira.es\/gl\/\"},{\"@type\":\"ListItem\",\"position\":2,\"name\":\"Cumprimento\"}]},{\"@type\":\"WebSite\",\"@id\":\"https:\/\/www.aira.es\/gl\/#website\",\"url\":\"https:\/\/www.aira.es\/gl\/\",\"name\":\"Aira\",\"description\":\"AIRA es el resultado de un proceso de integraci\u00f3n cooperativa iniciado en 2018, que supuso la fusi\u00f3n en una \u00fanica entidad jur\u00eddica de las cooperativas AGRIS, ICOS, COGASAR, COELPLAN y AIRA.\",\"publisher\":{\"@id\":\"https:\/\/www.aira.es\/gl\/#organization\"},\"potentialAction\":[{\"@type\":\"SearchAction\",\"target\":{\"@type\":\"EntryPoint\",\"urlTemplate\":\"https:\/\/www.aira.es\/gl\/?s={search_term_string}\"},\"query-input\":{\"@type\":\"PropertyValueSpecification\",\"valueRequired\":true,\"valueName\":\"search_term_string\"}}],\"inLanguage\":\"gl-ES\"},{\"@type\":\"Organization\",\"@id\":\"https:\/\/www.aira.es\/gl\/#organization\",\"name\":\"Aira\",\"url\":\"https:\/\/www.aira.es\/gl\/\",\"logo\":{\"@type\":\"ImageObject\",\"inLanguage\":\"gl-ES\",\"@id\":\"https:\/\/www.aira.es\/gl\/#\/schema\/logo\/image\/\",\"url\":\"https:\/\/www.aira.es\/wp-content\/uploads\/2025\/05\/logotipo-aira.svg\",\"contentUrl\":\"https:\/\/www.aira.es\/wp-content\/uploads\/2025\/05\/logotipo-aira.svg\",\"caption\":\"Aira\"},\"image\":{\"@id\":\"https:\/\/www.aira.es\/gl\/#\/schema\/logo\/image\/\"}}]}<\/script>\n<!-- \/ Yoast SEO plugin. -->","yoast_head_json":{"title":"Cumprimento - Aira","robots":{"index":"index","follow":"follow","max-snippet":"max-snippet:-1","max-image-preview":"max-image-preview:large","max-video-preview":"max-video-preview:-1"},"canonical":"https:\/\/www.aira.es\/gl\/cumprimento-penal\/","og_locale":"gl_ES","og_type":"article","og_title":"Cumprimento - Aira","og_description":"Cumprimento En AIRA S. COOP. En GALEGA, estamos firmemente comprometidos co cumprimento normativo e a \u00e9tica empresarial, implementando unha Pol\u00edtica [&hellip;]","og_url":"https:\/\/www.aira.es\/gl\/cumprimento-penal\/","og_site_name":"Aira","article_modified_time":"2025-11-05T12:03:46+00:00","twitter_card":"summary_large_image","twitter_misc":{"Tempo de lectura":"2 minutos"},"schema":{"@context":"https:\/\/schema.org","@graph":[{"@type":"WebPage","@id":"https:\/\/www.aira.es\/gl\/cumprimento-penal\/","url":"https:\/\/www.aira.es\/gl\/cumprimento-penal\/","name":"Cumprimento - Aira","isPartOf":{"@id":"https:\/\/www.aira.es\/gl\/#website"},"datePublished":"2025-10-02T08:52:24+00:00","dateModified":"2025-11-05T12:03:46+00:00","breadcrumb":{"@id":"https:\/\/www.aira.es\/gl\/cumprimento-penal\/#breadcrumb"},"inLanguage":"gl-ES","potentialAction":[{"@type":"ReadAction","target":["https:\/\/www.aira.es\/gl\/cumprimento-penal\/"]}]},{"@type":"BreadcrumbList","@id":"https:\/\/www.aira.es\/gl\/cumprimento-penal\/#breadcrumb","itemListElement":[{"@type":"ListItem","position":1,"name":"Portada","item":"https:\/\/www.aira.es\/gl\/"},{"@type":"ListItem","position":2,"name":"Cumprimento"}]},{"@type":"WebSite","@id":"https:\/\/www.aira.es\/gl\/#website","url":"https:\/\/www.aira.es\/gl\/","name":"Aira","description":"AIRA es el resultado de un proceso de integraci\u00f3n cooperativa iniciado en 2018, que supuso la fusi\u00f3n en una \u00fanica entidad jur\u00eddica de las cooperativas AGRIS, ICOS, COGASAR, COELPLAN y AIRA.","publisher":{"@id":"https:\/\/www.aira.es\/gl\/#organization"},"potentialAction":[{"@type":"SearchAction","target":{"@type":"EntryPoint","urlTemplate":"https:\/\/www.aira.es\/gl\/?s={search_term_string}"},"query-input":{"@type":"PropertyValueSpecification","valueRequired":true,"valueName":"search_term_string"}}],"inLanguage":"gl-ES"},{"@type":"Organization","@id":"https:\/\/www.aira.es\/gl\/#organization","name":"Aira","url":"https:\/\/www.aira.es\/gl\/","logo":{"@type":"ImageObject","inLanguage":"gl-ES","@id":"https:\/\/www.aira.es\/gl\/#\/schema\/logo\/image\/","url":"https:\/\/www.aira.es\/wp-content\/uploads\/2025\/05\/logotipo-aira.svg","contentUrl":"https:\/\/www.aira.es\/wp-content\/uploads\/2025\/05\/logotipo-aira.svg","caption":"Aira"},"image":{"@id":"https:\/\/www.aira.es\/gl\/#\/schema\/logo\/image\/"}}]}},"_links":{"self":[{"href":"https:\/\/www.aira.es\/gl\/wp-json\/wp\/v2\/pages\/3480","targetHints":{"allow":["GET"]}}],"collection":[{"href":"https:\/\/www.aira.es\/gl\/wp-json\/wp\/v2\/pages"}],"about":[{"href":"https:\/\/www.aira.es\/gl\/wp-json\/wp\/v2\/types\/page"}],"author":[{"embeddable":true,"href":"https:\/\/www.aira.es\/gl\/wp-json\/wp\/v2\/users\/2"}],"replies":[{"embeddable":true,"href":"https:\/\/www.aira.es\/gl\/wp-json\/wp\/v2\/comments?post=3480"}],"version-history":[{"count":0,"href":"https:\/\/www.aira.es\/gl\/wp-json\/wp\/v2\/pages\/3480\/revisions"}],"wp:attachment":[{"href":"https:\/\/www.aira.es\/gl\/wp-json\/wp\/v2\/media?parent=3480"}],"curies":[{"name":"wp","href":"https:\/\/api.w.org\/{rel}","templated":true}]}}